{"id":29830,"date":"2025-06-13T16:44:16","date_gmt":"2025-06-13T14:44:16","guid":{"rendered":"https:\/\/www.leanpio.com\/polityka-prywatnosci"},"modified":"2025-09-22T09:08:39","modified_gmt":"2025-09-22T07:08:39","slug":"polityka-prywatnosci","status":"publish","type":"page","link":"https:\/\/www.leanpio.com\/pl\/polityka-prywatnosci","title":{"rendered":"Polityka prywatno\u015bci"},"content":{"rendered":"<div class=\"gb-container gb-container-a7d56458\"><div class=\"gb-inside-container\"><\/div><\/div>\n\n<div class=\"gb-container gb-container-9dd66e92\"><div class=\"gb-inside-container\">\n<span><span><a href=\"https:\/\/www.leanpio.com\/pl\">Home<\/a><\/span><\/span>\n\n<\/div><\/div>\n\n<div class=\"gb-container gb-container-5649fbc3 avisoLegal\"><div class=\"gb-inside-container\">\n\n<h2 class=\"gb-headline gb-headline-bddb0c26 gb-headline-text\"><strong><strong>Polityka prywatno\u015bci<\/strong><\/strong><\/h2>\n\n\n\n<h3 class=\"gb-headline gb-headline-b43207c5 gb-headline-text\">1. ODPOWIEDZIALNY<\/h3>\n\n\n\n<p class=\"gb-headline gb-headline-35c7df7d gb-headline-text texto-justificado\"><br><strong>A. Dane kontaktowe administratora danych.<\/strong><br><br><br>Administratorem danych zebranych za po\u015brednictwem tej strony jest LEANPIO, S.L., z siedzib\u0105 pod adresem AVDA. ILUSTRACI\u00d3N 39, No 9, 50012, ZARAGOZA (ZARAGOZA) oraz numerem CIF B99398786. Mo\u017cna si\u0119 skontaktowa\u0107 z administratorem danych poprzez Email <br><a href=\"mailto:N.V@LEANPIO.COM\">N.V@LEANPIO.COM<\/a> lub telefonicznie pod numerem <br><a href=\"tel:+34976753000\">976753000<\/a><br><br><br><strong>B. Dane kontaktowe Inspektora Ochrony Danych<\/strong><br><br>Firma nie posiada inspektora ochrony danych osobowych.<br><\/p>\n\n\n\n<h3 class=\"gb-headline gb-headline-83dbab1c gb-headline-text\">2. CEL<\/h3>\n\n\n\n<p class=\"gb-headline gb-headline-82696c1c gb-headline-text texto-justificado texto-justificado\">\n<strong>A. Opis rozszerzony cel\u00f3w przetwarzania<\/strong><br><br>\nReklama i prospecting handlowy<br>\nZarz\u0105dzanie wnioskami<br><br>\n<strong>B. Terminy lub kryteria przechowywania danych<\/strong><br><br>\nDane b\u0119d\u0105 przechowywane przez okres niezb\u0119dny do rozpatrzenia wniosku i spe\u0142nienia obowi\u0105zk\u00f3w prawnych.<br>\nDane przekazane przez u\u017cytkownika b\u0119d\u0105 przechowywane, dop\u00f3ki b\u0119d\u0105 potrzebne do realizacji cel\u00f3w wskazanych w punkcie 2.A lub przez okres wymagany przez obowi\u0105zuj\u0105ce przepisy.<br><br>\n<strong>C. Zautomatyzowane decyzje, profilowanie i stosowana logika<\/strong><br><br>\nDane zebrane za po\u015brednictwem tej strony internetowej nie b\u0119d\u0105 wykorzystywane do podejmowania zautomatyzowanych decyzji.\n<\/p>\n\n\n\n<h3 class=\"gb-headline gb-headline-09852a1f gb-headline-text\">3. PODSTAWA PRAWNA<\/h3>\n\n\n\n<p class=\"gb-headline gb-headline-1577411e gb-headline-text texto-justificado\">\n<strong>A. Obowi\u0105zuj\u0105ce przepisy<\/strong><br><br>\nObowi\u0105zuj\u0105cym prawem jest Og\u00f3lne Rozporz\u0105dzenie o Ochronie Danych 2016\/679 z dnia 27 kwietnia 2016 r. oraz hiszpa\u0144ska Ustawa Organiczna 3\/2018 z dnia 5 grudnia o ochronie danych osobowych i gwarancji praw cyfrowych.<br><br>\n<strong>B. Szczeg\u00f3\u0142y podstawy prawnej przetwarzania<\/strong><br>\nW przypadkach obowi\u0105zku prawnego, interesu publicznego lub prawnie uzasadnionego interesu.<br><br>\n<strong>Art. 6 ust. 1 lit. a<\/strong><br>\nZgoda osoby, kt\u00f3rej dane dotycz\u0105, stanowi podstaw\u0119 prawn\u0105 przetwarzania danych osobowych zawartych w tym pliku.<br><br>\n<strong>C. Obowi\u0105zek lub brak obowi\u0105zku podania danych i konsekwencje ich niepodania<\/strong><br>\nNie jest obowi\u0105zkowe podanie danych, jednak b\u0119dzie to konieczne w celu obs\u0142ugi sugestii lub \u017c\u0105da\u0144 przes\u0142anych za po\u015brednictwem strony internetowej.\n<\/p>\n\n\n\n<h3 class=\"gb-headline gb-headline-f7a097a9 gb-headline-text\">4. ODBIORCY<\/h3>\n\n\n\n<p class=\"gb-headline gb-headline-9299e484 gb-headline-text texto-justificado texto-justificado\">\n<strong>A. Odbiorcy<\/strong><br><br>\nOrganizacje lub osoby bezpo\u015brednio zwi\u0105zane z firm\u0105, administracja publiczna posiadaj\u0105ca kompetencje w danej dziedzinie<br><br>\n<strong>B. Okre\u015bleni odbiorcy<\/strong><br><br>\nMo\u017cliwe jest, \u017ce podmioty przetwarzaj\u0105ce dane b\u0119d\u0105 mia\u0142y dost\u0119p do danych przekazanych za po\u015brednictwem tej strony internetowej w celu realizacji swoich funkcji zwi\u0105zanych z utrzymaniem systemu.<br><br>\n<strong>C. Decyzje o adekwatno\u015bci, wi\u0105\u017c\u0105ce normy korporacyjne lub maj\u0105ce zastosowanie specyficzne sytuacje<\/strong><br>\nNie istniej\u0105.<br><br>\n<strong>D. Przekazywanie danych mi\u0119dzynarodowych<\/strong><br>\nNie istnieje.\n<\/p>\n\n\n\n<h3 class=\"gb-headline gb-headline-75094b0d gb-headline-text\">5. PRAWA<\/h3>\n\n\n\n<p class=\"gb-headline gb-headline-5c44aa1e gb-headline-text texto-justificado\">\n<strong>A. Jak skorzysta\u0107 z prawa dost\u0119pu, sprostowania, usuni\u0119cia i przenoszenia danych oraz ograniczenia lub sprzeciwu wobec ich przetwarzania<\/strong><br><strong><br><\/strong>\nOsoba, kt\u00f3rej dane dotycz\u0105, mo\u017ce pozna\u0107, modyfikowa\u0107 lub usun\u0105\u0107 dane, kt\u00f3re firma posiada na jej temat, kontaktuj\u0105c si\u0119 drog\u0105 mailow\u0105 lub pocztow\u0105 pod adresem AVDA. ILUSTRACI\u00d3N 39, No 9, 52012, ZARAGOZA (ZARAGOZA), po uprzednim okazaniu identyfikacji. Osoba ta mo\u017ce r\u00f3wnie\u017c przekaza\u0107 swoje dane innej instytucji lub ograniczy\u0107 dane, kt\u00f3re firma posiada, kontaktuj\u0105c si\u0119 mailowo lub pocztowo na ten sam adres.<br><br>\n<strong>B. Prawo do cofni\u0119cia zgody<\/strong><br><strong><br><\/strong>\nOsoba, kt\u00f3rej dane dotycz\u0105, mo\u017ce cofn\u0105\u0107 zgod\u0119 na przetwarzanie swoich danych kontaktuj\u0105c si\u0119 drog\u0105 mailow\u0105 lub pocztow\u0105 pod adresem AVDA. ILUSTRACI\u00d3N 39, No 9, 52012, ZARAGOZA (ZARAGOZA), po uprzednim okazaniu identyfikacji.<br><br>\n<strong>C. Prawo do z\u0142o\u017cenia skargi do organu nadzorczego<\/strong><br><strong><br><\/strong>\nOsoba, kt\u00f3rej dane dotycz\u0105, mo\u017ce z\u0142o\u017cy\u0107 skarg\u0119 do Hiszpa\u0144skiej Agencji Ochrony Danych w przypadku wyst\u0105pienia jakiegokolwiek incydentu zwi\u0105zanego z jej danymi osobowymi.\n<\/p>\n\n\n\n<p class=\"texto-justificado\"><\/p>\n\n\n\n<h3 class=\"gb-headline gb-headline-99583f3d gb-headline-text\">6. POCHODZENIE<\/h3>\n\n\n\n<p class=\"gb-headline gb-headline-3fae8350 gb-headline-text texto-justificado texto-justificado\">\n<strong>A. Szczeg\u00f3\u0142owe informacje o pochodzeniu danych<\/strong><br><br>\nDostarczone przez samego u\u017cytkownika<br><br>\n<strong>B. Kategorie przetwarzanych danych<\/strong><br><br>\nImi\u0119 i nazwisko<br>\nTelefon<br>\nEmail\n<\/p>\n\n\n\n<p><em>Aktualizacja: 05.03.2025<\/em><\/p>\n\n<\/div><\/div>","protected":false},"excerpt":{"rendered":"<p>Polityka prywatno\u015bci 1. ODPOWIEDZIALNY A. Dane kontaktowe administratora danych. Administratorem danych zebranych za po\u015brednictwem tej strony jest LEANPIO, S.L., z siedzib\u0105 pod adresem AVDA. ILUSTRACI\u00d3N 39, No 9, 50012, ZARAGOZA (ZARAGOZA) oraz numerem CIF B99398786. Mo\u017cna si\u0119 skontaktowa\u0107 z administratorem danych poprzez Email N.V@LEANPIO.COM lub telefonicznie pod numerem 976753000 B. Dane kontaktowe Inspektora Ochrony Danych &#8230; <a title=\"Polityka prywatno\u015bci\" class=\"read-more\" href=\"https:\/\/www.leanpio.com\/pl\/polityka-prywatnosci\" aria-label=\"Dowiedz si\u0119 wi\u0119cej o Polityka prywatno\u015bci\">Dowiedz si\u0119 wi\u0119cej<\/a><\/p>\n","protected":false},"author":1,"featured_media":0,"parent":0,"menu_order":0,"comment_status":"closed","ping_status":"closed","template":"","meta":{"_acf_changed":false,"inline_featured_image":false,"footnotes":""},"forma":[],"material":[],"sectores":[],"class_list":["post-29830","page","type-page","status-publish"],"acf":[],"yoast_head":"<!-- This site is optimized with the Yoast SEO Premium plugin v26.2 (Yoast SEO v27.4) - https:\/\/yoast.com\/product\/yoast-seo-premium-wordpress\/ -->\n<title>Polityka prywatno\u015bci | LEANpio<\/title>\n<meta name=\"description\" content=\"Polityka prywatno\u015bci przegl\u0105dania w serwisie internetowym oferuj\u0105cym us\u0142ugi doradztwa \u015brodowiskowego i rozwi\u0105zania w zakresie zarz\u0105dzania odpadami LEANpio.com.\" \/>\n<meta name=\"robots\" content=\"noindex, nofollow\" \/>\n<meta property=\"og:locale\" content=\"pl_PL\" \/>\n<meta property=\"og:type\" content=\"article\" \/>\n<meta property=\"og:title\" content=\"Polityka prywatno\u015bci\" \/>\n<meta property=\"og:description\" content=\"Polityka prywatno\u015bci 1. ODPOWIEDZIALNY A. Dane kontaktowe administratora danych.Administratorem danych zebranych za po\u015brednictwem tej strony jest LEANPIO,\" \/>\n<meta property=\"og:url\" content=\"https:\/\/www.leanpio.com\/pl\/polityka-prywatnosci\" \/>\n<meta property=\"og:site_name\" content=\"LEANpio\" \/>\n<meta property=\"article:publisher\" content=\"https:\/\/www.facebook.com\/LEANpioOficial\" \/>\n<meta property=\"article:modified_time\" content=\"2025-09-22T07:08:39+00:00\" \/>\n<meta name=\"twitter:card\" content=\"summary_large_image\" \/>\n<meta name=\"twitter:site\" content=\"@leanpio\" \/>\n<meta name=\"twitter:label1\" content=\"Szacowany czas czytania\" \/>\n\t<meta name=\"twitter:data1\" content=\"3 minuty\" \/>\n<script type=\"application\/ld+json\" class=\"yoast-schema-graph\">{\"@context\":\"https:\\\/\\\/schema.org\",\"@graph\":[{\"@type\":\"WebPage\",\"@id\":\"https:\\\/\\\/www.leanpio.com\\\/pl\\\/polityka-prywatnosci\",\"url\":\"https:\\\/\\\/www.leanpio.com\\\/pl\\\/polityka-prywatnosci\",\"name\":\"Polityka prywatno\u015bci | LEANpio\",\"isPartOf\":{\"@id\":\"https:\\\/\\\/www.leanpio.com\\\/pl#website\"},\"datePublished\":\"2025-06-13T14:44:16+00:00\",\"dateModified\":\"2025-09-22T07:08:39+00:00\",\"description\":\"Polityka prywatno\u015bci przegl\u0105dania w serwisie internetowym oferuj\u0105cym us\u0142ugi doradztwa \u015brodowiskowego i rozwi\u0105zania w zakresie zarz\u0105dzania odpadami LEANpio.com.\",\"breadcrumb\":{\"@id\":\"https:\\\/\\\/www.leanpio.com\\\/pl\\\/polityka-prywatnosci#breadcrumb\"},\"inLanguage\":\"pl-PL\",\"potentialAction\":[{\"@type\":\"ReadAction\",\"target\":[\"https:\\\/\\\/www.leanpio.com\\\/pl\\\/polityka-prywatnosci\"]}]},{\"@type\":\"BreadcrumbList\",\"@id\":\"https:\\\/\\\/www.leanpio.com\\\/pl\\\/polityka-prywatnosci#breadcrumb\",\"itemListElement\":[{\"@type\":\"ListItem\",\"position\":1,\"name\":\"Home\",\"item\":\"https:\\\/\\\/www.leanpio.com\\\/pl\"},{\"@type\":\"ListItem\",\"position\":2,\"name\":\"Polityka prywatno\u015bci\"}]},{\"@type\":\"WebSite\",\"@id\":\"https:\\\/\\\/www.leanpio.com\\\/pl#website\",\"url\":\"https:\\\/\\\/www.leanpio.com\\\/pl\",\"name\":\"LEANpio\",\"description\":\"Especialistas en gesti\u00f3n de residuos y reciclaje\",\"potentialAction\":[{\"@type\":\"SearchAction\",\"target\":{\"@type\":\"EntryPoint\",\"urlTemplate\":\"https:\\\/\\\/www.leanpio.com\\\/pl?s={search_term_string}\"},\"query-input\":{\"@type\":\"PropertyValueSpecification\",\"valueRequired\":true,\"valueName\":\"search_term_string\"}}],\"inLanguage\":\"pl-PL\"}]}<\/script>\n<!-- \/ Yoast SEO Premium plugin. -->","yoast_head_json":{"title":"Polityka prywatno\u015bci | LEANpio","description":"Polityka prywatno\u015bci przegl\u0105dania w serwisie internetowym oferuj\u0105cym us\u0142ugi doradztwa \u015brodowiskowego i rozwi\u0105zania w zakresie zarz\u0105dzania odpadami LEANpio.com.","robots":{"index":"noindex","follow":"nofollow"},"og_locale":"pl_PL","og_type":"article","og_title":"Polityka prywatno\u015bci","og_description":"Polityka prywatno\u015bci 1. ODPOWIEDZIALNY A. Dane kontaktowe administratora danych.Administratorem danych zebranych za po\u015brednictwem tej strony jest LEANPIO,","og_url":"https:\/\/www.leanpio.com\/pl\/polityka-prywatnosci","og_site_name":"LEANpio","article_publisher":"https:\/\/www.facebook.com\/LEANpioOficial","article_modified_time":"2025-09-22T07:08:39+00:00","twitter_card":"summary_large_image","twitter_site":"@leanpio","twitter_misc":{"Szacowany czas czytania":"3 minuty"},"schema":{"@context":"https:\/\/schema.org","@graph":[{"@type":"WebPage","@id":"https:\/\/www.leanpio.com\/pl\/polityka-prywatnosci","url":"https:\/\/www.leanpio.com\/pl\/polityka-prywatnosci","name":"Polityka prywatno\u015bci | LEANpio","isPartOf":{"@id":"https:\/\/www.leanpio.com\/pl#website"},"datePublished":"2025-06-13T14:44:16+00:00","dateModified":"2025-09-22T07:08:39+00:00","description":"Polityka prywatno\u015bci przegl\u0105dania w serwisie internetowym oferuj\u0105cym us\u0142ugi doradztwa \u015brodowiskowego i rozwi\u0105zania w zakresie zarz\u0105dzania odpadami LEANpio.com.","breadcrumb":{"@id":"https:\/\/www.leanpio.com\/pl\/polityka-prywatnosci#breadcrumb"},"inLanguage":"pl-PL","potentialAction":[{"@type":"ReadAction","target":["https:\/\/www.leanpio.com\/pl\/polityka-prywatnosci"]}]},{"@type":"BreadcrumbList","@id":"https:\/\/www.leanpio.com\/pl\/polityka-prywatnosci#breadcrumb","itemListElement":[{"@type":"ListItem","position":1,"name":"Home","item":"https:\/\/www.leanpio.com\/pl"},{"@type":"ListItem","position":2,"name":"Polityka prywatno\u015bci"}]},{"@type":"WebSite","@id":"https:\/\/www.leanpio.com\/pl#website","url":"https:\/\/www.leanpio.com\/pl","name":"LEANpio","description":"Especialistas en gesti\u00f3n de residuos y reciclaje","potentialAction":[{"@type":"SearchAction","target":{"@type":"EntryPoint","urlTemplate":"https:\/\/www.leanpio.com\/pl?s={search_term_string}"},"query-input":{"@type":"PropertyValueSpecification","valueRequired":true,"valueName":"search_term_string"}}],"inLanguage":"pl-PL"}]}},"_links":{"self":[{"href":"https:\/\/www.leanpio.com\/pl\/wp-json\/wp\/v2\/pages\/29830","targetHints":{"allow":["GET"]}}],"collection":[{"href":"https:\/\/www.leanpio.com\/pl\/wp-json\/wp\/v2\/pages"}],"about":[{"href":"https:\/\/www.leanpio.com\/pl\/wp-json\/wp\/v2\/types\/page"}],"author":[{"embeddable":true,"href":"https:\/\/www.leanpio.com\/pl\/wp-json\/wp\/v2\/users\/1"}],"replies":[{"embeddable":true,"href":"https:\/\/www.leanpio.com\/pl\/wp-json\/wp\/v2\/comments?post=29830"}],"version-history":[{"count":2,"href":"https:\/\/www.leanpio.com\/pl\/wp-json\/wp\/v2\/pages\/29830\/revisions"}],"predecessor-version":[{"id":30778,"href":"https:\/\/www.leanpio.com\/pl\/wp-json\/wp\/v2\/pages\/29830\/revisions\/30778"}],"wp:attachment":[{"href":"https:\/\/www.leanpio.com\/pl\/wp-json\/wp\/v2\/media?parent=29830"}],"wp:term":[{"taxonomy":"forma","embeddable":true,"href":"https:\/\/www.leanpio.com\/pl\/wp-json\/wp\/v2\/forma?post=29830"},{"taxonomy":"material","embeddable":true,"href":"https:\/\/www.leanpio.com\/pl\/wp-json\/wp\/v2\/material?post=29830"},{"taxonomy":"sectores","embeddable":true,"href":"https:\/\/www.leanpio.com\/pl\/wp-json\/wp\/v2\/sectores?post=29830"}],"curies":[{"name":"wp","href":"https:\/\/api.w.org\/{rel}","templated":true}]}}