{"id":29827,"date":"2025-06-13T16:38:16","date_gmt":"2025-06-13T14:38:16","guid":{"rendered":"https:\/\/www.leanpio.com\/polityka-plikow-cookie"},"modified":"2025-06-13T16:38:20","modified_gmt":"2025-06-13T14:38:20","slug":"polityka-plikow-cookie","status":"publish","type":"page","link":"https:\/\/www.leanpio.com\/pl\/polityka-plikow-cookie","title":{"rendered":"Polityka plik\u00f3w cookie"},"content":{"rendered":"<div class=\"gb-container gb-container-a7d56458\"><div class=\"gb-inside-container\"><\/div><\/div><div class=\"gb-container gb-container-9dd66e92\"><div class=\"gb-inside-container\">\n<span><span><a href=\"https:\/\/www.leanpio.com\/pl\">Home<\/a><\/span><\/span>\n\n<\/div><\/div><div class=\"gb-container gb-container-5649fbc3 avisoLegal\"><div class=\"gb-inside-container\">\n\n<h2 class=\"gb-headline gb-headline-bddb0c26 gb-headline-text\"><strong><strong><strong>Polityka plik\u00f3w cookie<\/strong><\/strong><\/strong><\/h2>\n\n\n\n<p class=\"gb-headline gb-headline-326764e2 gb-headline-text texto-justificado texto-justificado\">\r\nTa strona internetowa, podobnie jak wi\u0119kszo\u015b\u0107 stron, u\u017cywa plik\u00f3w cookie. Celem plik\u00f3w cookie jest dostosowanie tre\u015bci strony do profilu i potrzeb u\u017cytkownika. Bez plik\u00f3w cookie us\u0142ugi oferowane przez dowoln\u0105 stron\u0119 by\u0142yby znacznie ograniczone.\r\n<\/p>\n\n\n\n<h3 class=\"gb-headline gb-headline-b43207c5 gb-headline-text\">Czym jest plik cookie?<\/h3>\n\n\n\n<p class=\"gb-headline gb-headline-402ea882 gb-headline-text texto-justificado\">\r\nPlik cookie to plik zapisywany na komputerze u\u017cytkownika podczas odwiedzania niekt\u00f3rych stron internetowych. Pliki cookie umo\u017cliwiaj\u0105 stronie mi\u0119dzy innymi przechowywanie i odzyskiwanie informacji o nawykach przegl\u0105dania u\u017cytkownika oraz, w zale\u017cno\u015bci od informacji zawartych i sposobu korzystania z urz\u0105dzenia, mog\u0105 s\u0142u\u017cy\u0107 do rozpoznania u\u017cytkownika.\r\n<\/p>\n\n\n\n<h3 class=\"gb-headline gb-headline-83dbab1c gb-headline-text\">Jakie s\u0105 rodzaje plik\u00f3w cookie?<\/h3>\n\n\n\n<ul class=\"wp-block-list texto-justificado\">\n<li><strong>W\u0142asne pliki cookie:<\/strong> zarz\u0105dzane przez w\u0142a\u015bciciela tej strony.<\/li>\n\n\n\n<li><strong>Pliki cookie stron trzecich:<\/strong> niekontrolowane przez w\u0142a\u015bciciela strony.<\/li>\n\n\n\n<li><strong>Pliki cookie sesji:<\/strong> usuwane po zamkni\u0119ciu przegl\u0105darki przez u\u017cytkownika.<\/li>\n\n\n\n<li><strong>Trwa\u0142e pliki cookie:<\/strong> dane s\u0105 przechowywane na urz\u0105dzeniu i dost\u0119pne przez okre\u015blony czas.<\/li>\n\n\n\n<li><strong>Techniczne pliki cookie:<\/strong> umo\u017cliwiaj\u0105 kontrol\u0119 ruchu i komunikacji danych.<\/li>\n\n\n\n<li><strong>Pliki cookie personalizacji:<\/strong> pozwalaj\u0105 u\u017cytkownikom na dost\u0119p do strony zgodnie z pewnymi cechami, kt\u00f3re s\u0105 zbierane (przegl\u0105darka, j\u0119zyk itp.).<\/li>\n\n\n\n<li><strong>Pliki cookie analityczne:<\/strong> zbieraj\u0105 informacje o rodzaju przegl\u0105dania, odwiedzanych sekcjach, przegl\u0105danych produktach, godzinach aktywno\u015bci, j\u0119zyku itp.<\/li>\n\n\n\n<li><strong>Pliki cookie analizy zachowa\u0144:<\/strong> zbieraj\u0105 dane o zachowaniach u\u017cytkownik\u00f3w i umo\u017cliwiaj\u0105 tworzenie profilu U\u017cytkownika.<\/li>\n\n\n\n<li><strong>Pliki cookie reklamowe:<\/strong> umo\u017cliwiaj\u0105 mo\u017cliwie najlepsze zarz\u0105dzanie przestrzeni\u0105 reklamow\u0105 zawart\u0105 na stronie.<\/li>\n<\/ul>\n\n\n\n<h3 class=\"gb-headline gb-headline-09852a1f gb-headline-text\">Pliki cookie u\u017cywane na tej stronie<\/h3>\n\n\n\n<p class=\"gb-headline gb-headline-c3430361 gb-headline-text texto-justificado texto-justificado\">\r\nZgodnie z wytycznymi Hiszpa\u0144skiej Agencji Ochrony Danych przedstawiamy szczeg\u00f3\u0142y dotycz\u0105ce wykorzystania plik\u00f3w cookie na tej stronie, aby zapewni\u0107 maksymaln\u0105 przejrzysto\u015b\u0107 i jasno\u015b\u0107 informacji.<br><br>\r\n\u017badne dane osobowe nie b\u0119d\u0105 zapisywane w plikach cookie u\u017cywanych na tej stronie.<br><br>\r\n<strong>W\u0142asne pliki cookie:<\/strong>\r\n<\/p>\n\n\n\n<ul class=\"wp-block-list texto-justificado\">\n<li>Ciasteczka sesyjne: aby zagwarantowa\u0107, \u017ce u\u017cytkownicy pisz\u0105cy komentarze na blogu lub korzystaj\u0105cy z formularzy na stronie s\u0105 lud\u017ami, a nie zautomatyzowanymi aplikacjami. W ten spos\u00f3b zwalcza si\u0119 <em>spam<\/em>.<\/li>\n<\/ul>\n\n\n\n<p class=\"texto-justificado\"><strong>Ciasteczka stron trzecich:<\/strong><\/p>\n\n\n\n<ul class=\"wp-block-list texto-justificado\">\n<li><a href=\"https:\/\/policies.google.com\/technologies\/cookies?hl=pl\">Google Analytics<\/a>: zapisuje pliki cookie w celu tworzenia statystyk dotycz\u0105cych ruchu i liczby odwiedzin tej strony. Korzystaj\u0105c z tej witryny, wyra\u017casz zgod\u0119 na przetwarzanie informacji o Tobie przez Google. W zwi\u0105zku z tym, wszelkie prawa zwi\u0105zane z tym przetwarzaniem nale\u017cy egzekwowa\u0107 kontaktuj\u0105c si\u0119 bezpo\u015brednio z Google.<\/li>\n\n\n\n<li>Media spo\u0142eczno\u015bciowe: ka\u017cda sie\u0107 spo\u0142eczno\u015bciowa u\u017cywa w\u0142asnych plik\u00f3w cookie, aby umo\u017cliwi\u0107 Ci klikanie przycisk\u00f3w takich jak <em>Lubi\u0119 to<\/em> lub <em>Udost\u0119pnij<\/em>.<\/li>\n<\/ul>\n\n\n\n<h3 class=\"gb-headline gb-headline-fe5af042 gb-headline-text\">Jak skonfigurowa\u0107 moje pliki cookie?<\/h3>\n\n\n\n<p class=\"texto-justificado\">Uzyskuj\u0105c dost\u0119p do naszej strony internetowej i przegl\u0105daj\u0105c j\u0105, wyra\u017casz zgod\u0119 na u\u017cywanie plik\u00f3w cookie zgodnie z warunkami okre\u015blonymi w niniejszej Polityce cookies. LEANpio zapewnia U\u017cytkownikowi dost\u0119p do tej polityki podczas rejestracji, aby by\u0142 odpowiednio poinformowany, bez uszczerbku dla jego prawa do blokowania, usuwania i odrzucania plik\u00f3w cookie w dowolnym momencie.<\/p>\n\n\n\n<p class=\"texto-justificado\">Pliki cookie nie s\u0105 niezb\u0119dne do korzystania z naszej strony, dlatego mo\u017cna je zablokowa\u0107 lub wy\u0142\u0105czy\u0107, aktywuj\u0105c odpowiednie ustawienia w przegl\u0105darce, co umo\u017cliwia odrzucenie instalacji wszystkich lub niekt\u00f3rych plik\u00f3w cookie.<\/p>\n\n\n\n<p class=\"texto-justificado\">Wi\u0119kszo\u015b\u0107 przegl\u0105darek umo\u017cliwia ostrzeganie o obecno\u015bci plik\u00f3w cookie lub ich automatyczne odrzucenie. Je\u015bli u\u017cytkownik je odrzuci, nadal b\u0119dzie m\u00f3g\u0142 korzysta\u0107 z naszej strony, chocia\u017c do\u015bwiadczenie mo\u017ce by\u0107 mniej satysfakcjonuj\u0105ce.<\/p>\n\n\n\n<p class=\"texto-justificado\">Poni\u017cej udost\u0119pniamy linki do najpopularniejszych przegl\u0105darek, aby\u015b m\u00f3g\u0142 zapozna\u0107 si\u0119 z informacjami na temat zarz\u0105dzania plikami cookie w ka\u017cdej z nich:<\/p>\n\n\n\n<ul class=\"wp-block-list\">\n<li>Nawigacja <a href=\"https:\/\/support.google.com\/chrome\/answer\/95647?hl=es\">Google Chrome<\/a><\/li>\n\n\n\n<li>Nawigacja <a href=\"https:\/\/www.microsoft.com\/es-xl\/windows\">Internet Explorer<\/a><\/li>\n\n\n\n<li>Nawigacja <a href=\"https:\/\/support.mozilla.org\/es\/kb\/habilitar-y-deshabilitar-cookies-sitios-web-rastrear-preferencias?redirectslug=habilitar-y-deshabilitar-cookies-que-los-sitios-we&amp;redirectlocale=es\">Mozilla Firefox<\/a><\/li>\n\n\n\n<li>Nawigacja <a href=\"https:\/\/support.apple.com\/es-es\/guide\/safari\/sfri11471\/mac\">Safari<\/a><\/li>\n<\/ul>\n\n\n\n<h3 class=\"gb-headline gb-headline-99583f3d gb-headline-text\">Dodatkowe uwagi<\/h3>\n\n\n\n<ul class=\"wp-block-list texto-justificado\">\n<li>Ani ta strona internetowa, ani jej przedstawiciele prawni nie ponosz\u0105 odpowiedzialno\u015bci za tre\u015b\u0107 ani prawdziwo\u015b\u0107 polityk prywatno\u015bci stron trzecich wymienionych w niniejszej polityce plik\u00f3w cookie.<\/li>\n\n\n\n<li>Przegl\u0105darki internetowe s\u0105 narz\u0119dziami s\u0142u\u017c\u0105cymi do przechowywania plik\u00f3w cookie, a z ich poziomu mo\u017cna je usuwa\u0107 lub wy\u0142\u0105cza\u0107. Ta strona i jej przedstawiciele prawni nie mog\u0105 zagwarantowa\u0107 prawid\u0142owej obs\u0142ugi plik\u00f3w cookie przez wspomniane przegl\u0105darki.<\/li>\n\n\n\n<li>W niekt\u00f3rych przypadkach konieczne jest zainstalowanie plik\u00f3w cookie, aby przegl\u0105darka zapami\u0119ta\u0142a decyzj\u0119 o ich nieakceptowaniu.<\/li>\n\n\n\n<li>W przypadku plik\u00f3w cookie Google Analytics, firma ta przechowuje je na serwerach zlokalizowanych w Stanach Zjednoczonych i zobowi\u0105zuje si\u0119 do nieudost\u0119pniania ich osobom trzecim, z wyj\u0105tkiem przypadk\u00f3w wymaganych przez dzia\u0142anie systemu lub obowi\u0105zuj\u0105ce przepisy. Wed\u0142ug Google, Tw\u00f3j adres IP nie jest zapisywany. Google Inc. jest firm\u0105 przyst\u0119puj\u0105c\u0105 do programu Safe Harbor, kt\u00f3ry gwarantuje, \u017ce wszystkie przekazywane dane b\u0119d\u0105 traktowane zgodnie z poziomem ochrony wymaganym przez europejskie przepisy.<\/li>\n<\/ul>\n\n\n\n<p><meta charset=\"utf-8\"\/><em>Zaktualizowano: 26.10.202<\/em>2<\/p>\n\n<\/div><\/div>","protected":false},"excerpt":{"rendered":"<p>Polityka plik\u00f3w cookie Ta strona internetowa, podobnie jak wi\u0119kszo\u015b\u0107 stron, u\u017cywa plik\u00f3w cookie. Celem plik\u00f3w cookie jest dostosowanie tre\u015bci strony do profilu i potrzeb u\u017cytkownika. Bez plik\u00f3w cookie us\u0142ugi oferowane przez dowoln\u0105 stron\u0119 by\u0142yby znacznie ograniczone. Czym jest plik cookie? Plik cookie to plik zapisywany na komputerze u\u017cytkownika podczas odwiedzania niekt\u00f3rych stron internetowych. Pliki cookie &#8230; <a title=\"Polityka plik\u00f3w cookie\" class=\"read-more\" href=\"https:\/\/www.leanpio.com\/pl\/polityka-plikow-cookie\" aria-label=\"Dowiedz si\u0119 wi\u0119cej o Polityka plik\u00f3w cookie\">Dowiedz si\u0119 wi\u0119cej<\/a><\/p>\n","protected":false},"author":1,"featured_media":0,"parent":0,"menu_order":0,"comment_status":"closed","ping_status":"closed","template":"","meta":{"_acf_changed":false,"inline_featured_image":false,"footnotes":""},"forma":[],"material":[],"sectores":[],"class_list":["post-29827","page","type-page","status-publish"],"acf":[],"yoast_head":"<!-- This site is optimized with the Yoast SEO Premium plugin v26.2 (Yoast SEO v27.4) - https:\/\/yoast.com\/product\/yoast-seo-premium-wordpress\/ -->\n<title>Polityka plik\u00f3w cookie | LEANpio<\/title>\n<meta name=\"description\" content=\"Polityka plik\u00f3w cookie dotycz\u0105ca przegl\u0105dania witryny oferuj\u0105cej us\u0142ugi doradztwa \u015brodowiskowego i rozwi\u0105zania w zakresie gospodarowania odpadami LEANpio.com.\" \/>\n<meta name=\"robots\" content=\"noindex, nofollow\" \/>\n<meta property=\"og:locale\" content=\"pl_PL\" \/>\n<meta property=\"og:type\" content=\"article\" \/>\n<meta property=\"og:title\" content=\"Polityka plik\u00f3w cookie\" \/>\n<meta property=\"og:description\" content=\"Polityka plik\u00f3w cookie Ta strona internetowa, podobnie jak wi\u0119kszo\u015b\u0107 stron, u\u017cywa plik\u00f3w cookie. Celem plik\u00f3w cookie jest dostosowanie tre\u015bci strony do\" \/>\n<meta property=\"og:url\" content=\"https:\/\/www.leanpio.com\/pl\/polityka-plikow-cookie\" \/>\n<meta property=\"og:site_name\" content=\"LEANpio\" \/>\n<meta property=\"article:publisher\" content=\"https:\/\/www.facebook.com\/LEANpioOficial\" \/>\n<meta property=\"article:modified_time\" content=\"2025-06-13T14:38:20+00:00\" \/>\n<meta name=\"twitter:card\" content=\"summary_large_image\" \/>\n<meta name=\"twitter:site\" content=\"@leanpio\" \/>\n<meta name=\"twitter:label1\" content=\"Szacowany czas czytania\" \/>\n\t<meta name=\"twitter:data1\" content=\"4 minuty\" \/>\n<script type=\"application\/ld+json\" class=\"yoast-schema-graph\">{\"@context\":\"https:\\\/\\\/schema.org\",\"@graph\":[{\"@type\":\"WebPage\",\"@id\":\"https:\\\/\\\/www.leanpio.com\\\/pl\\\/polityka-plikow-cookie\",\"url\":\"https:\\\/\\\/www.leanpio.com\\\/pl\\\/polityka-plikow-cookie\",\"name\":\"Polityka plik\u00f3w cookie | LEANpio\",\"isPartOf\":{\"@id\":\"https:\\\/\\\/www.leanpio.com\\\/pl#website\"},\"datePublished\":\"2025-06-13T14:38:16+00:00\",\"dateModified\":\"2025-06-13T14:38:20+00:00\",\"description\":\"Polityka plik\u00f3w cookie dotycz\u0105ca przegl\u0105dania witryny oferuj\u0105cej us\u0142ugi doradztwa \u015brodowiskowego i rozwi\u0105zania w zakresie gospodarowania odpadami LEANpio.com.\",\"breadcrumb\":{\"@id\":\"https:\\\/\\\/www.leanpio.com\\\/pl\\\/polityka-plikow-cookie#breadcrumb\"},\"inLanguage\":\"pl-PL\",\"potentialAction\":[{\"@type\":\"ReadAction\",\"target\":[\"https:\\\/\\\/www.leanpio.com\\\/pl\\\/polityka-plikow-cookie\"]}]},{\"@type\":\"BreadcrumbList\",\"@id\":\"https:\\\/\\\/www.leanpio.com\\\/pl\\\/polityka-plikow-cookie#breadcrumb\",\"itemListElement\":[{\"@type\":\"ListItem\",\"position\":1,\"name\":\"Home\",\"item\":\"https:\\\/\\\/www.leanpio.com\\\/pl\"},{\"@type\":\"ListItem\",\"position\":2,\"name\":\"Polityka plik\u00f3w cookie\"}]},{\"@type\":\"WebSite\",\"@id\":\"https:\\\/\\\/www.leanpio.com\\\/pl#website\",\"url\":\"https:\\\/\\\/www.leanpio.com\\\/pl\",\"name\":\"LEANpio\",\"description\":\"Especialistas en gesti\u00f3n de residuos y reciclaje\",\"potentialAction\":[{\"@type\":\"SearchAction\",\"target\":{\"@type\":\"EntryPoint\",\"urlTemplate\":\"https:\\\/\\\/www.leanpio.com\\\/pl?s={search_term_string}\"},\"query-input\":{\"@type\":\"PropertyValueSpecification\",\"valueRequired\":true,\"valueName\":\"search_term_string\"}}],\"inLanguage\":\"pl-PL\"}]}<\/script>\n<!-- \/ Yoast SEO Premium plugin. -->","yoast_head_json":{"title":"Polityka plik\u00f3w cookie | LEANpio","description":"Polityka plik\u00f3w cookie dotycz\u0105ca przegl\u0105dania witryny oferuj\u0105cej us\u0142ugi doradztwa \u015brodowiskowego i rozwi\u0105zania w zakresie gospodarowania odpadami LEANpio.com.","robots":{"index":"noindex","follow":"nofollow"},"og_locale":"pl_PL","og_type":"article","og_title":"Polityka plik\u00f3w cookie","og_description":"Polityka plik\u00f3w cookie Ta strona internetowa, podobnie jak wi\u0119kszo\u015b\u0107 stron, u\u017cywa plik\u00f3w cookie. Celem plik\u00f3w cookie jest dostosowanie tre\u015bci strony do","og_url":"https:\/\/www.leanpio.com\/pl\/polityka-plikow-cookie","og_site_name":"LEANpio","article_publisher":"https:\/\/www.facebook.com\/LEANpioOficial","article_modified_time":"2025-06-13T14:38:20+00:00","twitter_card":"summary_large_image","twitter_site":"@leanpio","twitter_misc":{"Szacowany czas czytania":"4 minuty"},"schema":{"@context":"https:\/\/schema.org","@graph":[{"@type":"WebPage","@id":"https:\/\/www.leanpio.com\/pl\/polityka-plikow-cookie","url":"https:\/\/www.leanpio.com\/pl\/polityka-plikow-cookie","name":"Polityka plik\u00f3w cookie | LEANpio","isPartOf":{"@id":"https:\/\/www.leanpio.com\/pl#website"},"datePublished":"2025-06-13T14:38:16+00:00","dateModified":"2025-06-13T14:38:20+00:00","description":"Polityka plik\u00f3w cookie dotycz\u0105ca przegl\u0105dania witryny oferuj\u0105cej us\u0142ugi doradztwa \u015brodowiskowego i rozwi\u0105zania w zakresie gospodarowania odpadami LEANpio.com.","breadcrumb":{"@id":"https:\/\/www.leanpio.com\/pl\/polityka-plikow-cookie#breadcrumb"},"inLanguage":"pl-PL","potentialAction":[{"@type":"ReadAction","target":["https:\/\/www.leanpio.com\/pl\/polityka-plikow-cookie"]}]},{"@type":"BreadcrumbList","@id":"https:\/\/www.leanpio.com\/pl\/polityka-plikow-cookie#breadcrumb","itemListElement":[{"@type":"ListItem","position":1,"name":"Home","item":"https:\/\/www.leanpio.com\/pl"},{"@type":"ListItem","position":2,"name":"Polityka plik\u00f3w cookie"}]},{"@type":"WebSite","@id":"https:\/\/www.leanpio.com\/pl#website","url":"https:\/\/www.leanpio.com\/pl","name":"LEANpio","description":"Especialistas en gesti\u00f3n de residuos y reciclaje","potentialAction":[{"@type":"SearchAction","target":{"@type":"EntryPoint","urlTemplate":"https:\/\/www.leanpio.com\/pl?s={search_term_string}"},"query-input":{"@type":"PropertyValueSpecification","valueRequired":true,"valueName":"search_term_string"}}],"inLanguage":"pl-PL"}]}},"_links":{"self":[{"href":"https:\/\/www.leanpio.com\/pl\/wp-json\/wp\/v2\/pages\/29827","targetHints":{"allow":["GET"]}}],"collection":[{"href":"https:\/\/www.leanpio.com\/pl\/wp-json\/wp\/v2\/pages"}],"about":[{"href":"https:\/\/www.leanpio.com\/pl\/wp-json\/wp\/v2\/types\/page"}],"author":[{"embeddable":true,"href":"https:\/\/www.leanpio.com\/pl\/wp-json\/wp\/v2\/users\/1"}],"replies":[{"embeddable":true,"href":"https:\/\/www.leanpio.com\/pl\/wp-json\/wp\/v2\/comments?post=29827"}],"version-history":[{"count":1,"href":"https:\/\/www.leanpio.com\/pl\/wp-json\/wp\/v2\/pages\/29827\/revisions"}],"predecessor-version":[{"id":29828,"href":"https:\/\/www.leanpio.com\/pl\/wp-json\/wp\/v2\/pages\/29827\/revisions\/29828"}],"wp:attachment":[{"href":"https:\/\/www.leanpio.com\/pl\/wp-json\/wp\/v2\/media?parent=29827"}],"wp:term":[{"taxonomy":"forma","embeddable":true,"href":"https:\/\/www.leanpio.com\/pl\/wp-json\/wp\/v2\/forma?post=29827"},{"taxonomy":"material","embeddable":true,"href":"https:\/\/www.leanpio.com\/pl\/wp-json\/wp\/v2\/material?post=29827"},{"taxonomy":"sectores","embeddable":true,"href":"https:\/\/www.leanpio.com\/pl\/wp-json\/wp\/v2\/sectores?post=29827"}],"curies":[{"name":"wp","href":"https:\/\/api.w.org\/{rel}","templated":true}]}}