{"id":29565,"date":"2025-06-02T09:08:05","date_gmt":"2025-06-02T07:08:05","guid":{"rendered":"https:\/\/www.leanpio.com\/kontakt"},"modified":"2025-07-07T11:23:22","modified_gmt":"2025-07-07T09:23:22","slug":"kontakt","status":"publish","type":"page","link":"https:\/\/www.leanpio.com\/pl\/kontakt","title":{"rendered":"Kontakt"},"content":{"rendered":"\t\t<div data-elementor-type=\"wp-page\" data-elementor-id=\"29565\" class=\"elementor elementor-29565 elementor-26828\" data-elementor-post-type=\"page\">\n\t\t\t\t\t\t<section class=\"elementor-section elementor-top-section elementor-element elementor-element-9304b4e elementor-section-boxed elementor-section-height-default elementor-section-height-default\" data-id=\"9304b4e\" data-element_type=\"section\" data-e-type=\"section\">\n\t\t\t\t\t\t<div class=\"elementor-container elementor-column-gap-default\">\n\t\t\t\t\t<div class=\"elementor-column elementor-col-100 elementor-top-column elementor-element elementor-element-7c8f188\" data-id=\"7c8f188\" data-element_type=\"column\" data-e-type=\"column\">\n\t\t\t<div class=\"elementor-widget-wrap elementor-element-populated\">\n\t\t\t\t\t\t<div class=\"elementor-element elementor-element-f07c443 elementor-widget elementor-widget-text-editor\" data-id=\"f07c443\" data-element_type=\"widget\" data-e-type=\"widget\" data-widget_type=\"text-editor.default\">\n\t\t\t\t<div class=\"elementor-widget-container\">\n\t\t\t\t\t\t\t\t\t<p><a href=\"https:\/\/www.leanpio.com\/pl\">Home<\/a>\u00a0\u203a <a style=\"color: #003d52; text-decoration: underline;\" href=\"https:\/\/www.leanpio.com\/pl\/kontakt\">Kontakt<\/a><\/p>\t\t\t\t\t\t\t\t<\/div>\n\t\t\t\t<\/div>\n\t\t\t\t\t<\/div>\n\t\t<\/div>\n\t\t\t\t\t<\/div>\n\t\t<\/section>\n\t\t\t\t<section class=\"elementor-section elementor-top-section elementor-element elementor-element-b44ee05 elementor-reverse-mobile elementor-section-boxed elementor-section-height-default elementor-section-height-default\" data-id=\"b44ee05\" data-element_type=\"section\" data-e-type=\"section\" data-settings=\"{&quot;background_background&quot;:&quot;classic&quot;}\">\n\t\t\t\t\t\t\t<div class=\"elementor-background-overlay\"><\/div>\n\t\t\t\t\t\t\t<div class=\"elementor-container elementor-column-gap-default\">\n\t\t\t\t\t<div class=\"elementor-column elementor-col-50 elementor-top-column elementor-element elementor-element-b9c3933\" data-id=\"b9c3933\" data-element_type=\"column\" data-e-type=\"column\">\n\t\t\t<div class=\"elementor-widget-wrap elementor-element-populated\">\n\t\t\t\t\t\t<div class=\"elementor-element elementor-element-4383e65 elementor-widget elementor-widget-heading\" data-id=\"4383e65\" data-element_type=\"widget\" data-e-type=\"widget\" data-widget_type=\"heading.default\">\n\t\t\t\t<div class=\"elementor-widget-container\">\n\t\t\t\t\t<p class=\"elementor-heading-title elementor-size-default\">Jeste\u015bmy tu, aby Ci pom\u00f3c<\/p>\t\t\t\t<\/div>\n\t\t\t\t<\/div>\n\t\t\t\t<div class=\"elementor-element elementor-element-b44fcee elementor-widget elementor-widget-heading\" data-id=\"b44fcee\" data-element_type=\"widget\" data-e-type=\"widget\" data-widget_type=\"heading.default\">\n\t\t\t\t<div class=\"elementor-widget-container\">\n\t\t\t\t\t<h1 class=\"elementor-heading-title elementor-size-default\">Przekszta\u0142\u0107 swoje odpady w zr\u00f3wnowa\u017con\u0105 szans\u0119<\/h1>\t\t\t\t<\/div>\n\t\t\t\t<\/div>\n\t\t\t\t<div class=\"elementor-element elementor-element-c410024 elementor-widget elementor-widget-text-editor\" data-id=\"c410024\" data-element_type=\"widget\" data-e-type=\"widget\" data-widget_type=\"text-editor.default\">\n\t\t\t\t<div class=\"elementor-widget-container\">\n\t\t\t\t\t\t\t\t\t<p>Opowiedz nam o swoim problemie z odpadami, a my dostarczymy Ci odpowiednie rozwi\u0105zanie.<\/p>\n\t\t\t\t\t\t\t\t<\/div>\n\t\t\t\t<\/div>\n\t\t\t\t\t<\/div>\n\t\t<\/div>\n\t\t\t\t<div class=\"elementor-column elementor-col-50 elementor-top-column elementor-element elementor-element-da66936\" data-id=\"da66936\" data-element_type=\"column\" data-e-type=\"column\">\n\t\t\t<div class=\"elementor-widget-wrap\">\n\t\t\t\t\t\t\t<\/div>\n\t\t<\/div>\n\t\t\t\t\t<\/div>\n\t\t<\/section>\n\t\t\t\t<section class=\"elementor-section elementor-top-section elementor-element elementor-element-48e09c3 elementor-section-boxed elementor-section-height-default elementor-section-height-default\" data-id=\"48e09c3\" data-element_type=\"section\" data-e-type=\"section\">\n\t\t\t\t\t\t<div class=\"elementor-container elementor-column-gap-default\">\n\t\t\t\t\t<div class=\"elementor-column elementor-col-100 elementor-top-column elementor-element elementor-element-bd8e4e8\" data-id=\"bd8e4e8\" data-element_type=\"column\" data-e-type=\"column\">\n\t\t\t<div class=\"elementor-widget-wrap elementor-element-populated\">\n\t\t\t\t\t\t<div class=\"elementor-element elementor-element-a4da05f elementor-widget elementor-widget-heading\" data-id=\"a4da05f\" data-element_type=\"widget\" data-e-type=\"widget\" data-widget_type=\"heading.default\">\n\t\t\t\t<div class=\"elementor-widget-container\">\n\t\t\t\t\t<h4 class=\"elementor-heading-title elementor-size-default\">Potrzebujesz wi\u0119cej informacji? Zadzwo\u0144 do nas pod numer: <a style=\"color:#0084b2\" href=\"tel:+48693365053\">+48 693 365 053<a> lub wype\u0142nij poni\u017cszy formularz, a my skontaktujemy si\u0119 z Tob\u0105 jak najszybciej.<\/h4>\t\t\t\t<\/div>\n\t\t\t\t<\/div>\n\t\t\t\t<div class=\"elementor-element elementor-element-f0858aa elementor-widget elementor-widget-shortcode\" data-id=\"f0858aa\" data-element_type=\"widget\" data-e-type=\"widget\" data-widget_type=\"shortcode.default\">\n\t\t\t\t<div class=\"elementor-widget-container\">\n\t\t\t\t\t\t\t<div class=\"elementor-shortcode\">\n<div class=\"wpcf7 no-js\" id=\"wpcf7-f29909-o1\" lang=\"pl-PL\" dir=\"ltr\" data-wpcf7-id=\"29909\">\n<div class=\"screen-reader-response\"><p role=\"status\" aria-live=\"polite\" aria-atomic=\"true\"><\/p> <ul><\/ul><\/div>\n<form action=\"\/pl\/wp-json\/wp\/v2\/pages\/29565#wpcf7-f29909-o1\" method=\"post\" class=\"wpcf7-form init\" aria-label=\"Formularz kontaktowy\" novalidate=\"novalidate\" data-status=\"init\">\n<fieldset class=\"hidden-fields-container\"><input type=\"hidden\" name=\"_wpcf7\" value=\"29909\" \/><input type=\"hidden\" name=\"_wpcf7_version\" value=\"6.1.5\" \/><input type=\"hidden\" name=\"_wpcf7_locale\" value=\"pl_PL\" \/><input type=\"hidden\" name=\"_wpcf7_unit_tag\" value=\"wpcf7-f29909-o1\" \/><input type=\"hidden\" name=\"_wpcf7_container_post\" value=\"0\" \/><input type=\"hidden\" name=\"_wpcf7_posted_data_hash\" value=\"\" \/>\n<\/fieldset>\n<input class=\"wpcf7-form-control wpcf7-hidden\" value=\"81\" type=\"hidden\" name=\"origin_id\" \/>\n<div id=\"responsive-form\" class=\"clearfix new_form\">\n\t<div class=\"form-row\">\n\t\t<div class=\"column-3\">\n\t\t\t<p><label>Nazwa firmy* <span class=\"wpcf7-form-control-wrap\" data-name=\"empresa\"><input size=\"40\" maxlength=\"400\" class=\"wpcf7-form-control wpcf7-text wpcf7-validates-as-required\" aria-required=\"true\" aria-invalid=\"false\" placeholder=\"Firma\" value=\"\" type=\"text\" name=\"empresa\" \/><\/span><\/label>\n\t\t\t<\/p>\n\t\t<\/div>\n\t\t<div class=\"column-3\">\n\t\t\t<p><label>Imi\u0119 i nazwisko* <span class=\"wpcf7-form-control-wrap\" data-name=\"first-name\"><input size=\"40\" maxlength=\"400\" class=\"wpcf7-form-control wpcf7-text wpcf7-validates-as-required\" aria-required=\"true\" aria-invalid=\"false\" placeholder=\"Imi\u0119 i nazwisko\" value=\"\" type=\"text\" name=\"first-name\" \/><\/span><\/label>\n\t\t\t<\/p>\n\t\t<\/div>\n\t<\/div>\n\t<div class=\"form-row\">\n\t\t<div class=\"column-3\">\n\t\t\t<p><label>Telefon kom\u00f3rkowy* <span class=\"wpcf7-form-control-wrap\" data-name=\"tel-593\"><input size=\"40\" maxlength=\"400\" class=\"wpcf7-form-control wpcf7-tel wpcf7-validates-as-required wpcf7-text wpcf7-validates-as-tel\" aria-required=\"true\" aria-invalid=\"false\" placeholder=\"666 777 888\" value=\"\" type=\"tel\" name=\"tel-593\" \/><\/span><\/label>\n\t\t\t<\/p>\n\t\t<\/div>\n\t\t<div class=\"column-3\">\n\t\t\t<p><label>Adres e-mail* <span class=\"wpcf7-form-control-wrap\" data-name=\"your-email\"><input size=\"40\" maxlength=\"400\" class=\"wpcf7-form-control wpcf7-email wpcf7-validates-as-required wpcf7-text wpcf7-validates-as-email\" aria-required=\"true\" aria-invalid=\"false\" placeholder=\"john@mail.com\" value=\"\" type=\"email\" name=\"your-email\" \/><\/span><\/label>\n\t\t\t<\/p>\n\t\t<\/div>\n\t<\/div>\n\t<div class=\"form-row\">\n\t\t<div class=\"column-half\">\n\t\t\t<p><label>Miasto* <span class=\"wpcf7-form-control-wrap\" data-name=\"ciudad\"><input size=\"40\" maxlength=\"400\" class=\"wpcf7-form-control wpcf7-text wpcf7-validates-as-required\" aria-required=\"true\" aria-invalid=\"false\" placeholder=\"Warszawa\" value=\"\" type=\"text\" name=\"ciudad\" \/><\/span><\/label>\n\t\t\t<\/p>\n\t\t<\/div>\n\t\t<div class=\"column-half\">\n\t\t\t<p><label>Spo\u0142eczno\u015b\u0107* <span class=\"wpcf7-form-control-wrap\" data-name=\"ciudad\"><input size=\"40\" maxlength=\"400\" class=\"wpcf7-form-control wpcf7-text wpcf7-validates-as-required\" aria-required=\"true\" aria-invalid=\"false\" placeholder=\"Warszawa\" value=\"\" type=\"text\" name=\"ciudad\" \/><\/span><\/label>\n\t\t\t<\/p>\n\t\t<\/div>\n\t\t<div class=\"column-half\">\n\t\t\t<p><label>Kraj<span class=\"wpcf7-form-control-wrap\" data-name=\"pais\"><input size=\"40\" maxlength=\"400\" class=\"wpcf7-form-control wpcf7-text wpcf7-validates-as-required\" aria-required=\"true\" aria-invalid=\"false\" placeholder=\"Polska\" value=\"\" type=\"text\" name=\"pais\" \/><\/span><\/label>\n\t\t\t<\/p>\n\t\t<\/div>\n\t<\/div>\n\t<div class=\"form-row\">\n\t\t<div class=\"column-3\">\n\t\t\t<p><label>Jestem zainteresowany * <span class=\"wpcf7-form-control-wrap\" data-name=\"menu-949\"><select class=\"wpcf7-form-control wpcf7-select wpcf7-validates-as-required\" aria-required=\"true\" aria-invalid=\"false\" name=\"menu-949\"><option value=\"Wybierz opcj\u0119\">Wybierz opcj\u0119<\/option><option value=\"Prasa pionowa V4\">Prasa pionowa V4<\/option><option value=\"Prasa pionowa V5\">Prasa pionowa V5<\/option><option value=\"Prasa pionowa V8\">Prasa pionowa V8<\/option><option value=\"Prasa pionowa V16\">Prasa pionowa V16<\/option><option value=\"Prasa pionowa V20X\">Prasa pionowa V20X<\/option><option value=\"Prasa pionowa V50\">Prasa pionowa V50<\/option><option value=\"Prasa do twardych tworzyw sztucznych V65\">Prasa do twardych tworzyw sztucznych V65<\/option><option value=\"Prasa do opon V85\">Prasa do opon V85<\/option><option value=\"Prasa do puszek i PET V5HD\">Prasa do puszek i PET V5HD<\/option><option value=\"Prasa mobilna VF50\">Prasa mobilna VF50<\/option><option value=\"Prasa b\u0119bnowa CP205\">Prasa b\u0119bnowa CP205<\/option><option value=\"Kruszarka do szk\u0142a G5\">Kruszarka do szk\u0142a G5<\/option><option value=\"Prasa do pojemnik\u00f3w BP1100\">Prasa do pojemnik\u00f3w BP1100<\/option><option value=\"Prasa do filtr\u00f3w oleju CP30\">Prasa do filtr\u00f3w oleju CP30<\/option><option value=\"Prasa pozioma H50\">Prasa pozioma H50<\/option><option value=\"Prasa pozioma H70\">Prasa pozioma H70<\/option><option value=\"Prasa pozioma H80\">Prasa pozioma H80<\/option><option value=\"LEANpio Comp 50\">LEANpio Comp 50<\/option><option value=\"LEANpio Comp 50 Stal nierdzewna\">LEANpio Comp 50 Stal nierdzewna<\/option><option value=\"LEANpio Comp 1000\">LEANpio Comp 1000<\/option><\/select><\/span><\/label>\n\t\t\t<\/p>\n\t\t<\/div>\n\t<\/div>\n\t<div class=\"form-row\">\n\t\t<div class=\"column-full\">\n\t\t\t<p><label>Je\u015bli chcesz poda\u0107 nam wi\u0119cej szczeg\u00f3\u0142\u00f3w, mo\u017cesz napisa\u0107 wiadomo\u015b\u0107 tutaj<span class=\"wpcf7-form-control-wrap\" data-name=\"your-message\"><textarea cols=\"40\" rows=\"10\" maxlength=\"2000\" class=\"wpcf7-form-control wpcf7-textarea\" aria-invalid=\"false\" placeholder=\"Napisz wiadomo\u015b\u0107\" name=\"your-message\"><\/textarea><\/span><\/label>\n\t\t\t<\/p>\n\t\t<\/div>\n\t<\/div>\n\t<div class=\"form-row\">\n\t\t<div class=\"column-full\" style=\"margin-left:-17px!important; margin-top: -10px !important;\">\n\t\t\t<p><label><span class=\"wpcf7-form-control-wrap\" data-name=\"acceptance-52\"><span class=\"wpcf7-form-control wpcf7-acceptance\"><span class=\"wpcf7-list-item\"><input type=\"checkbox\" name=\"acceptance-52\" value=\"1\" aria-invalid=\"false\" \/><\/span><\/span><\/span> Przeczyta\u0142em i akceptuj\u0119 <a href=\"https:\/\/www.leanpio.com\/pl\/polityka-prywatnosci\"><span>Polityka prywatno\u015bci<\/span><\/a> i <a href=\"https:\/\/www.leanpio.com\/pl\/polityka-plikow-cookie\"><span>Polityka plik\u00f3w cookie<\/span><\/a>.<\/label>\n\t\t\t<\/p>\n\t\t<\/div>\n\t\t<div class=\"column-full\" style=\"margin-left:-17px!important; margin-top: -10px !important;\">\n\t\t\t<p><label><span class=\"wpcf7-form-control-wrap\" data-name=\"acceptance-52\"><span class=\"wpcf7-form-control wpcf7-acceptance optional\"><span class=\"wpcf7-list-item\"><input type=\"checkbox\" name=\"acceptance-52\" value=\"1\" aria-invalid=\"false\" \/><\/span><\/span><\/span> Wyra\u017cam zgod\u0119 na otrzymywanie ofert i biuletyn\u00f3w dotycz\u0105cych produkt\u00f3w LEANpio.<\/label>\n\t\t\t<\/p>\n\t\t<\/div>\n\t<\/div>\n\t<div class=\"form-row\">\n\t\t<div class=\"boton_azul column-full\" style=\"margin-top:10px!important;\" id=\"#gracias\">\n\t\t\t<p><input class=\"wpcf7-form-control wpcf7-submit has-spinner\" type=\"submit\" value=\"Wy\u015blij wiadomo\u015b\u0107\" \/>\n\t\t\t<\/p>\n\t\t<\/div>\n\t<\/div>\n<\/div><!--  end responsive-form--><div class=\"wpcf7-response-output\" aria-hidden=\"true\"><\/div>\n<\/form>\n<\/div>\n<\/div>\n\t\t\t\t\t\t<\/div>\n\t\t\t\t<\/div>\n\t\t\t\t\t<\/div>\n\t\t<\/div>\n\t\t\t\t\t<\/div>\n\t\t<\/section>\n\t\t\t\t<\/div>\n\t\t","protected":false},"excerpt":{"rendered":"<p>Home\u00a0\u203a Kontakt Jeste\u015bmy tu, aby Ci pom\u00f3c Przekszta\u0142\u0107 swoje odpady w zr\u00f3wnowa\u017con\u0105 szans\u0119 Opowiedz nam o swoim problemie z odpadami, a my dostarczymy Ci odpowiednie rozwi\u0105zanie. Potrzebujesz wi\u0119cej informacji? Zadzwo\u0144 do nas pod numer: +48 693 365 053 lub wype\u0142nij poni\u017cszy formularz, a my skontaktujemy si\u0119 z Tob\u0105 jak najszybciej.<\/p>\n","protected":false},"author":1,"featured_media":0,"parent":0,"menu_order":0,"comment_status":"closed","ping_status":"closed","template":"","meta":{"_acf_changed":false,"inline_featured_image":false,"footnotes":""},"forma":[],"material":[],"sectores":[],"class_list":["post-29565","page","type-page","status-publish"],"acf":[],"yoast_head":"<!-- This site is optimized with the Yoast SEO Premium plugin v26.2 (Yoast SEO v27.4) - https:\/\/yoast.com\/product\/yoast-seo-premium-wordpress\/ -->\n<title>Kontakt | LEANpio<\/title>\n<meta name=\"description\" content=\"Popro\u015b o niezobowi\u0105zuj\u0105c\u0105 wycen\u0119 \u2013 odpowiemy na wszystkie pytania i pomo\u017cemy zoptymalizowa\u0107 gospodarowanie odpadami w Twojej firmie.\" \/>\n<meta name=\"robots\" content=\"index, follow, max-snippet:-1, max-image-preview:large, max-video-preview:-1\" \/>\n<meta property=\"og:locale\" content=\"pl_PL\" \/>\n<meta property=\"og:type\" content=\"article\" \/>\n<meta property=\"og:title\" content=\"Kontakt\" \/>\n<meta property=\"og:description\" content=\"Home\u00a0\u203a Kontakt Jeste\u015bmy tu, aby Ci pom\u00f3c Przekszta\u0142\u0107 swoje odpady w zr\u00f3wnowa\u017con\u0105 szans\u0119 Opowiedz nam o swoim problemie z odpadami, a my dostarczymy Ci\" \/>\n<meta property=\"og:url\" content=\"https:\/\/www.leanpio.com\/pl\/kontakt\" \/>\n<meta property=\"og:site_name\" content=\"LEANpio\" \/>\n<meta property=\"article:publisher\" content=\"https:\/\/www.facebook.com\/LEANpioOficial\" \/>\n<meta property=\"article:modified_time\" content=\"2025-07-07T09:23:22+00:00\" \/>\n<meta name=\"twitter:card\" content=\"summary_large_image\" \/>\n<meta name=\"twitter:site\" content=\"@leanpio\" \/>\n<meta name=\"twitter:label1\" content=\"Szacowany czas czytania\" \/>\n\t<meta name=\"twitter:data1\" content=\"1 minuta\" \/>\n<script type=\"application\/ld+json\" class=\"yoast-schema-graph\">{\"@context\":\"https:\\\/\\\/schema.org\",\"@graph\":[{\"@type\":\"WebPage\",\"@id\":\"https:\\\/\\\/www.leanpio.com\\\/pl\\\/kontakt\",\"url\":\"https:\\\/\\\/www.leanpio.com\\\/pl\\\/kontakt\",\"name\":\"Kontakt | LEANpio\",\"isPartOf\":{\"@id\":\"https:\\\/\\\/www.leanpio.com\\\/pl#website\"},\"datePublished\":\"2025-06-02T07:08:05+00:00\",\"dateModified\":\"2025-07-07T09:23:22+00:00\",\"description\":\"Popro\u015b o niezobowi\u0105zuj\u0105c\u0105 wycen\u0119 \u2013 odpowiemy na wszystkie pytania i pomo\u017cemy zoptymalizowa\u0107 gospodarowanie odpadami w Twojej firmie.\",\"breadcrumb\":{\"@id\":\"https:\\\/\\\/www.leanpio.com\\\/pl\\\/kontakt#breadcrumb\"},\"inLanguage\":\"pl-PL\",\"potentialAction\":[{\"@type\":\"ReadAction\",\"target\":[\"https:\\\/\\\/www.leanpio.com\\\/pl\\\/kontakt\"]}]},{\"@type\":\"BreadcrumbList\",\"@id\":\"https:\\\/\\\/www.leanpio.com\\\/pl\\\/kontakt#breadcrumb\",\"itemListElement\":[{\"@type\":\"ListItem\",\"position\":1,\"name\":\"Home\",\"item\":\"https:\\\/\\\/www.leanpio.com\\\/pl\"},{\"@type\":\"ListItem\",\"position\":2,\"name\":\"Kontakt\"}]},{\"@type\":\"WebSite\",\"@id\":\"https:\\\/\\\/www.leanpio.com\\\/pl#website\",\"url\":\"https:\\\/\\\/www.leanpio.com\\\/pl\",\"name\":\"LEANpio\",\"description\":\"Especialistas en gesti\u00f3n de residuos y reciclaje\",\"potentialAction\":[{\"@type\":\"SearchAction\",\"target\":{\"@type\":\"EntryPoint\",\"urlTemplate\":\"https:\\\/\\\/www.leanpio.com\\\/pl?s={search_term_string}\"},\"query-input\":{\"@type\":\"PropertyValueSpecification\",\"valueRequired\":true,\"valueName\":\"search_term_string\"}}],\"inLanguage\":\"pl-PL\"}]}<\/script>\n<!-- \/ Yoast SEO Premium plugin. -->","yoast_head_json":{"title":"Kontakt | LEANpio","description":"Popro\u015b o niezobowi\u0105zuj\u0105c\u0105 wycen\u0119 \u2013 odpowiemy na wszystkie pytania i pomo\u017cemy zoptymalizowa\u0107 gospodarowanie odpadami w Twojej firmie.","robots":{"index":"index","follow":"follow","max-snippet":"max-snippet:-1","max-image-preview":"max-image-preview:large","max-video-preview":"max-video-preview:-1"},"og_locale":"pl_PL","og_type":"article","og_title":"Kontakt","og_description":"Home\u00a0\u203a Kontakt Jeste\u015bmy tu, aby Ci pom\u00f3c Przekszta\u0142\u0107 swoje odpady w zr\u00f3wnowa\u017con\u0105 szans\u0119 Opowiedz nam o swoim problemie z odpadami, a my dostarczymy Ci","og_url":"https:\/\/www.leanpio.com\/pl\/kontakt","og_site_name":"LEANpio","article_publisher":"https:\/\/www.facebook.com\/LEANpioOficial","article_modified_time":"2025-07-07T09:23:22+00:00","twitter_card":"summary_large_image","twitter_site":"@leanpio","twitter_misc":{"Szacowany czas czytania":"1 minuta"},"schema":{"@context":"https:\/\/schema.org","@graph":[{"@type":"WebPage","@id":"https:\/\/www.leanpio.com\/pl\/kontakt","url":"https:\/\/www.leanpio.com\/pl\/kontakt","name":"Kontakt | LEANpio","isPartOf":{"@id":"https:\/\/www.leanpio.com\/pl#website"},"datePublished":"2025-06-02T07:08:05+00:00","dateModified":"2025-07-07T09:23:22+00:00","description":"Popro\u015b o niezobowi\u0105zuj\u0105c\u0105 wycen\u0119 \u2013 odpowiemy na wszystkie pytania i pomo\u017cemy zoptymalizowa\u0107 gospodarowanie odpadami w Twojej firmie.","breadcrumb":{"@id":"https:\/\/www.leanpio.com\/pl\/kontakt#breadcrumb"},"inLanguage":"pl-PL","potentialAction":[{"@type":"ReadAction","target":["https:\/\/www.leanpio.com\/pl\/kontakt"]}]},{"@type":"BreadcrumbList","@id":"https:\/\/www.leanpio.com\/pl\/kontakt#breadcrumb","itemListElement":[{"@type":"ListItem","position":1,"name":"Home","item":"https:\/\/www.leanpio.com\/pl"},{"@type":"ListItem","position":2,"name":"Kontakt"}]},{"@type":"WebSite","@id":"https:\/\/www.leanpio.com\/pl#website","url":"https:\/\/www.leanpio.com\/pl","name":"LEANpio","description":"Especialistas en gesti\u00f3n de residuos y reciclaje","potentialAction":[{"@type":"SearchAction","target":{"@type":"EntryPoint","urlTemplate":"https:\/\/www.leanpio.com\/pl?s={search_term_string}"},"query-input":{"@type":"PropertyValueSpecification","valueRequired":true,"valueName":"search_term_string"}}],"inLanguage":"pl-PL"}]}},"_links":{"self":[{"href":"https:\/\/www.leanpio.com\/pl\/wp-json\/wp\/v2\/pages\/29565","targetHints":{"allow":["GET"]}}],"collection":[{"href":"https:\/\/www.leanpio.com\/pl\/wp-json\/wp\/v2\/pages"}],"about":[{"href":"https:\/\/www.leanpio.com\/pl\/wp-json\/wp\/v2\/types\/page"}],"author":[{"embeddable":true,"href":"https:\/\/www.leanpio.com\/pl\/wp-json\/wp\/v2\/users\/1"}],"replies":[{"embeddable":true,"href":"https:\/\/www.leanpio.com\/pl\/wp-json\/wp\/v2\/comments?post=29565"}],"version-history":[{"count":3,"href":"https:\/\/www.leanpio.com\/pl\/wp-json\/wp\/v2\/pages\/29565\/revisions"}],"predecessor-version":[{"id":30101,"href":"https:\/\/www.leanpio.com\/pl\/wp-json\/wp\/v2\/pages\/29565\/revisions\/30101"}],"wp:attachment":[{"href":"https:\/\/www.leanpio.com\/pl\/wp-json\/wp\/v2\/media?parent=29565"}],"wp:term":[{"taxonomy":"forma","embeddable":true,"href":"https:\/\/www.leanpio.com\/pl\/wp-json\/wp\/v2\/forma?post=29565"},{"taxonomy":"material","embeddable":true,"href":"https:\/\/www.leanpio.com\/pl\/wp-json\/wp\/v2\/material?post=29565"},{"taxonomy":"sectores","embeddable":true,"href":"https:\/\/www.leanpio.com\/pl\/wp-json\/wp\/v2\/sectores?post=29565"}],"curies":[{"name":"wp","href":"https:\/\/api.w.org\/{rel}","templated":true}]}}