{"id":4415,"date":"2021-09-09T12:11:53","date_gmt":"2021-09-09T12:11:53","guid":{"rendered":"https:\/\/www.leanpio.com\/?page_id=4415"},"modified":"2025-02-26T18:27:41","modified_gmt":"2025-02-26T17:27:41","slug":"politica-de-cookies","status":"publish","type":"page","link":"https:\/\/www.leanpio.com\/es\/politica-de-cookies","title":{"rendered":"Pol\u00edtica de cookies"},"content":{"rendered":"<div class=\"gb-container gb-container-a7d56458\"><div class=\"gb-inside-container\"><\/div><\/div>\n\n<div class=\"gb-container gb-container-9dd66e92\"><div class=\"gb-inside-container\">\n<span><span><a href=\"https:\/\/www.leanpio.com\/es\">Home<\/a><\/span><\/span>\n\n<\/div><\/div>\n\n<div class=\"gb-container gb-container-5649fbc3 avisoLegal\"><div class=\"gb-inside-container\">\n\n<h2 class=\"gb-headline gb-headline-bddb0c26 gb-headline-text\"><strong><strong><strong>Pol\u00edtica de cookies<\/strong><\/strong><\/strong><\/h2>\n\n\n\n<p class=\"gb-headline gb-headline-326764e2 gb-headline-text texto-justificado texto-justificado\">Esta web, al igual que la mayor\u00eda de los sitios web, usa cookies. El objetivo de la cookies es adaptar el contenido de la web a su perfil y necesidades, sin cookies los servicios ofrecidos por cualquier sitio web se ver\u00edan mermados notablemente.<\/p>\n\n\n\n<h3 class=\"gb-headline gb-headline-b43207c5 gb-headline-text\">\u00bfQu\u00e9 es una cookie?<\/h3>\n\n\n\n<p class=\"gb-headline gb-headline-402ea882 gb-headline-text texto-justificado\">Una cookie es un fichero que se descargan en su ordenador al acceder a determinadas p\u00e1ginas web. Las cookies permiten a una p\u00e1gina web, entre otras cosas, almacenar y recuperar informaci\u00f3n sobre los h\u00e1bitos de navegaci\u00f3n de un usuario o de su equipo y, dependiendo de la informaci\u00f3n que contengan y de la forma en que utilice su equipo, pueden utilizarse para reconocer al usuario.<\/p>\n\n\n\n<h3 class=\"gb-headline gb-headline-83dbab1c gb-headline-text\">\u00bfQu\u00e9 tipo de cookies existen?<\/h3>\n\n\n\n<ul class=\"wp-block-list texto-justificado\">\n<li><strong>Cookies propias:<\/strong>&nbsp;gestionadas por el responsable del site web.<\/li>\n\n\n\n<li><strong>Cookies de terceros:<\/strong>&nbsp;no controladas por el responsable del sitio web.<\/li>\n\n\n\n<li><strong>Cookies de sesi\u00f3n:<\/strong>&nbsp;se borran cuando el Usuario cierra su navegador.<\/li>\n\n\n\n<li><strong>Cookies persistentes:<\/strong>&nbsp;los datos contin\u00faan almacenados en el terminal y se puede acceder a ellas durante un per\u00edodo de tiempo determinados.<\/li>\n\n\n\n<li><strong>Cookies t\u00e9cnicas:<\/strong>&nbsp;permiten controlar el tr\u00e1fico y la comunicaci\u00f3n de datos<\/li>\n\n\n\n<li><strong>Cookies de personalizaci\u00f3n:<\/strong>&nbsp;las que dejan a los usuarios acceder seg\u00fan algunas caracter\u00edsticas propias que se recogen (navegador, idioma, etc.).<\/li>\n\n\n\n<li><strong>Cookies de an\u00e1lisis:<\/strong>&nbsp;Recogen informaci\u00f3n sobre el tipo de navegaci\u00f3n que est\u00e1 realizando, las secciones que m\u00e1s utiliza, productos consultados, franja horaria de uso, idioma, etc.<\/li>\n\n\n\n<li><strong>Cookies anal\u00edticas:&nbsp;<\/strong>recogen datos sobre el comportamiento de los usuarios y permiten elaborar un perfil de Usuario.<\/li>\n\n\n\n<li><strong>Cookies publicitarias:<\/strong>&nbsp;permiten el mejor manejo posible de los espacios publicitarios incluidos en la web.<\/li>\n<\/ul>\n\n\n\n<h3 class=\"gb-headline gb-headline-09852a1f gb-headline-text\">Cookies utilizadas en esta Web<\/h3>\n\n\n\n<p class=\"gb-headline gb-headline-c3430361 gb-headline-text texto-justificado texto-justificado\">Siguiendo las directrices de la Agencia Espa\u00f1ola de Protecci\u00f3n de Datos procedemos a detallar el uso de cookies que hace esta web con el fin de informarle con la m\u00e1xima claridad y transparencia posible.<br><br>Ning\u00fan tipo de informaci\u00f3n personal se registrar\u00e1 en las cookies que utiliza este sitio web.<br><br><strong>Cookies propias:<\/strong><\/p>\n\n\n\n<ul class=\"wp-block-list texto-justificado\">\n<li>Cookies de sesi\u00f3n: para garantizar que los usuarios que escriban comentarios en el blog o usen cualquiera de los formularios del sitio web sean humanos y no aplicaciones automatizadas. De esta forma se combate el&nbsp;<em>spam<\/em>.<\/li>\n<\/ul>\n\n\n\n<p class=\"texto-justificado\"><strong>Cookies de terceros:<\/strong><\/p>\n\n\n\n<ul class=\"wp-block-list texto-justificado\">\n<li><a href=\"https:\/\/policies.google.com\/technologies\/cookies?hl=es\">Google Analytics<\/a>: almacena cookies para poder elaborar estad\u00edsticas sobre el tr\u00e1fico y volumen de visitas de esta web. Al utilizar este sitio web est\u00e1 consintiendo el tratamiento de informaci\u00f3n acerca de usted por Google. Por tanto, el ejercicio de cualquier derecho en este sentido deber\u00e1 hacerlo comunicando directamente con Google.<\/li>\n\n\n\n<li>Redes sociales: cada red social utiliza sus propias cookies para que usted pueda pinchar en botones del tipo&nbsp;<em>Me gusta<\/em>&nbsp;o&nbsp;<em>Compartir<\/em>.<\/li>\n<\/ul>\n\n\n\n<h3 class=\"gb-headline gb-headline-fe5af042 gb-headline-text\"> \u00bfC\u00f3mo configurar mis cookies? <\/h3>\n\n\n\n<p class=\"texto-justificado\">Al acceder y navegar en nuestra Web estar\u00e1 consintiendo el uso de las cookies en las condiciones contenidas en la presente Pol\u00edtica de Cookies.&nbsp;LEANpio&nbsp;proporciona al Usuario acceso a esta Pol\u00edtica de cookies en el momento del registro para que el usuario est\u00e9 informado, y sin perjuicio de que \u00e9ste pueda ejercer su derecho a bloquear, eliminar y rechazar el uso de cookies en todo momento.<\/p>\n\n\n\n<p class=\"texto-justificado\">Las cookies no son necesarias para el uso de nuestra Web, por lo que puede bloquearlas o deshabilitarlas activando la configuraci\u00f3n de su navegador, que le permite rechazar la instalaci\u00f3n de todas las cookies o de algunas de ellas.<\/p>\n\n\n\n<p class=\"texto-justificado\">La mayor\u00eda de los navegadores permiten advertir de la presencia de cookies o rechazarlas autom\u00e1ticamente. Si el usuario las rechaza, \u00e9ste podr\u00e1 seguir usando nuestra Web, aunque la experiencia sea menos satisfactoria.<\/p>\n\n\n\n<p class=\"texto-justificado\">A continuaci\u00f3n, te facilitamos los links de los principales navegadores para que dispongas de toda la informaci\u00f3n para consultar c\u00f3mo gestionar las cookies en cada uno de ellos:<\/p>\n\n\n\n<ul class=\"wp-block-list\">\n<li>Navegador&nbsp;<a href=\"https:\/\/support.google.com\/chrome\/answer\/95647?hl=es\">Google&nbsp;Chrome<\/a><\/li>\n\n\n\n<li>Navegador&nbsp;<a href=\"https:\/\/www.microsoft.com\/es-xl\/windows\">Internet Explorer<\/a><\/li>\n\n\n\n<li>Navegador&nbsp;<a href=\"https:\/\/support.mozilla.org\/es\/kb\/habilitar-y-deshabilitar-cookies-sitios-web-rastrear-preferencias?redirectslug=habilitar-y-deshabilitar-cookies-que-los-sitios-we&amp;redirectlocale=es\">Mozilla Firefox<\/a><\/li>\n\n\n\n<li>Navegador&nbsp;<a href=\"https:\/\/support.apple.com\/es-es\/guide\/safari\/sfri11471\/mac\">Safari<\/a><\/li>\n<\/ul>\n\n\n\n<h3 class=\"gb-headline gb-headline-99583f3d gb-headline-text\">Notas adicionales<\/h3>\n\n\n\n<ul class=\"wp-block-list texto-justificado\">\n<li>Ni esta web ni sus representantes legales se hacen responsables ni del contenido ni de la veracidad de las pol\u00edticas de privacidad que puedan tener los terceros mencionados en esta pol\u00edtica de cookies.<\/li>\n\n\n\n<li>Los navegadores web son las herramientas encargadas de almacenar las cookies y desde este lugar debe efectuar su derecho a eliminaci\u00f3n o desactivaci\u00f3n de las mismas. Ni esta web ni sus representantes legales pueden garantizar la correcta o incorrecta manipulaci\u00f3n de las cookies por parte de los mencionados navegadores.<\/li>\n\n\n\n<li>En algunos casos es necesario instalar cookies para que el navegador no olvides tu decisi\u00f3n de no aceptaci\u00f3n de las mismas.<\/li>\n\n\n\n<li>En el caso de las cookies de Google Analytics, esta empresa almacena las cookies en servidores ubicados en Estados Unidos y se compromete a no compartirla con terceros, excepto en los casos en los que sea necesario para el funcionamiento del sistema o cuando la ley obligue a tal efecto. Seg\u00fan Google no guarda su direcci\u00f3n IP. Google Inc. es una compa\u00f1\u00eda adherida al Acuerdo de Puerto Seguro que garantiza que todos los datos transferidos ser\u00e1n tratados con un nivel de protecci\u00f3n acorde a la normativa europea.<\/li>\n<\/ul>\n\n\n\n<p><meta charset=\"utf-8\"><em>Actualizado: 26.10.202<\/em>2<\/p>\n\n<\/div><\/div>","protected":false},"excerpt":{"rendered":"<p>Pol\u00edtica de cookies Esta web, al igual que la mayor\u00eda de los sitios web, usa cookies. El objetivo de la cookies es adaptar el contenido de la web a su perfil y necesidades, sin cookies los servicios ofrecidos por cualquier sitio web se ver\u00edan mermados notablemente. \u00bfQu\u00e9 es una cookie? Una cookie es un fichero &#8230; <a title=\"Pol\u00edtica de cookies\" class=\"read-more\" href=\"https:\/\/www.leanpio.com\/es\/politica-de-cookies\" aria-label=\"Leer m\u00e1s sobre Pol\u00edtica de cookies\">Leer m\u00e1s<\/a><\/p>\n","protected":false},"author":1,"featured_media":0,"parent":0,"menu_order":0,"comment_status":"closed","ping_status":"closed","template":"","meta":{"_acf_changed":false,"inline_featured_image":false,"footnotes":""},"forma":[],"material":[],"sectores":[],"class_list":["post-4415","page","type-page","status-publish"],"acf":[],"yoast_head":"<!-- This site is optimized with the Yoast SEO Premium plugin v26.2 (Yoast SEO v27.4) - https:\/\/yoast.com\/product\/yoast-seo-premium-wordpress\/ -->\n<title>Pol\u00edtica de cookies | LEANpio<\/title>\n<meta name=\"description\" content=\"Pol\u00edtica de cookies de navegaci\u00f3n en el sitio Web de servicios de consultor\u00eda medioambiental y soluciones de gesti\u00f3n de residuos LEANpio.com.\" \/>\n<meta name=\"robots\" content=\"noindex, nofollow\" \/>\n<meta property=\"og:locale\" content=\"es_ES\" \/>\n<meta property=\"og:type\" content=\"article\" \/>\n<meta property=\"og:title\" content=\"Pol\u00edtica de cookies\" \/>\n<meta property=\"og:description\" content=\"Pol\u00edtica de cookies Esta web, al igual que la mayor\u00eda de los sitios web, usa cookies. El objetivo de la cookies es adaptar el contenido de la web a su\" \/>\n<meta property=\"og:url\" content=\"https:\/\/www.leanpio.com\/es\/politica-de-cookies\" \/>\n<meta property=\"og:site_name\" content=\"LEANpio\" \/>\n<meta property=\"article:publisher\" content=\"https:\/\/www.facebook.com\/LEANpioOficial\" \/>\n<meta property=\"article:modified_time\" content=\"2025-02-26T17:27:41+00:00\" \/>\n<meta name=\"twitter:card\" content=\"summary_large_image\" \/>\n<meta name=\"twitter:site\" content=\"@leanpio\" \/>\n<meta name=\"twitter:label1\" content=\"Tiempo de lectura\" \/>\n\t<meta name=\"twitter:data1\" content=\"4 minutos\" \/>\n<script type=\"application\/ld+json\" class=\"yoast-schema-graph\">{\"@context\":\"https:\\\/\\\/schema.org\",\"@graph\":[{\"@type\":\"WebPage\",\"@id\":\"https:\\\/\\\/www.leanpio.com\\\/es\\\/politica-de-cookies\",\"url\":\"https:\\\/\\\/www.leanpio.com\\\/es\\\/politica-de-cookies\",\"name\":\"Pol\u00edtica de cookies | LEANpio\",\"isPartOf\":{\"@id\":\"https:\\\/\\\/www.leanpio.com\\\/es\\\/#website\"},\"datePublished\":\"2021-09-09T12:11:53+00:00\",\"dateModified\":\"2025-02-26T17:27:41+00:00\",\"description\":\"Pol\u00edtica de cookies de navegaci\u00f3n en el sitio Web de servicios de consultor\u00eda medioambiental y soluciones de gesti\u00f3n de residuos LEANpio.com.\",\"breadcrumb\":{\"@id\":\"https:\\\/\\\/www.leanpio.com\\\/es\\\/politica-de-cookies#breadcrumb\"},\"inLanguage\":\"es\",\"potentialAction\":[{\"@type\":\"ReadAction\",\"target\":[\"https:\\\/\\\/www.leanpio.com\\\/es\\\/politica-de-cookies\"]}]},{\"@type\":\"BreadcrumbList\",\"@id\":\"https:\\\/\\\/www.leanpio.com\\\/es\\\/politica-de-cookies#breadcrumb\",\"itemListElement\":[{\"@type\":\"ListItem\",\"position\":1,\"name\":\"Home\",\"item\":\"https:\\\/\\\/www.leanpio.com\\\/es\"},{\"@type\":\"ListItem\",\"position\":2,\"name\":\"Pol\u00edtica de cookies\"}]},{\"@type\":\"WebSite\",\"@id\":\"https:\\\/\\\/www.leanpio.com\\\/es\\\/#website\",\"url\":\"https:\\\/\\\/www.leanpio.com\\\/es\\\/\",\"name\":\"LEANpio\",\"description\":\"Especialistas en gesti\u00f3n de residuos y reciclaje\",\"publisher\":{\"@id\":\"https:\\\/\\\/www.leanpio.com\\\/es\\\/#organization\"},\"potentialAction\":[{\"@type\":\"SearchAction\",\"target\":{\"@type\":\"EntryPoint\",\"urlTemplate\":\"https:\\\/\\\/www.leanpio.com\\\/es\\\/?s={search_term_string}\"},\"query-input\":{\"@type\":\"PropertyValueSpecification\",\"valueRequired\":true,\"valueName\":\"search_term_string\"}}],\"inLanguage\":\"es\"},{\"@type\":\"Organization\",\"@id\":\"https:\\\/\\\/www.leanpio.com\\\/es\\\/#organization\",\"name\":\"LEANpio\",\"url\":\"https:\\\/\\\/www.leanpio.com\\\/es\\\/\",\"logo\":{\"@type\":\"ImageObject\",\"inLanguage\":\"es\",\"@id\":\"https:\\\/\\\/www.leanpio.com\\\/es\\\/#\\\/schema\\\/logo\\\/image\\\/\",\"url\":\"https:\\\/\\\/www.leanpio.com\\\/wp-content\\\/uploads\\\/2021\\\/06\\\/cropped-400x-2.png\",\"contentUrl\":\"https:\\\/\\\/www.leanpio.com\\\/wp-content\\\/uploads\\\/2021\\\/06\\\/cropped-400x-2.png\",\"width\":400,\"height\":127,\"caption\":\"LEANpio\"},\"image\":{\"@id\":\"https:\\\/\\\/www.leanpio.com\\\/es\\\/#\\\/schema\\\/logo\\\/image\\\/\"},\"sameAs\":[\"https:\\\/\\\/www.facebook.com\\\/LEANpioOficial\",\"https:\\\/\\\/x.com\\\/leanpio\",\"https:\\\/\\\/es.linkedin.com\\\/company\\\/leanpio\",\"https:\\\/\\\/vimeo.com\\\/leanpio\"]}]}<\/script>\n<!-- \/ Yoast SEO Premium plugin. -->","yoast_head_json":{"title":"Pol\u00edtica de cookies | LEANpio","description":"Pol\u00edtica de cookies de navegaci\u00f3n en el sitio Web de servicios de consultor\u00eda medioambiental y soluciones de gesti\u00f3n de residuos LEANpio.com.","robots":{"index":"noindex","follow":"nofollow"},"og_locale":"es_ES","og_type":"article","og_title":"Pol\u00edtica de cookies","og_description":"Pol\u00edtica de cookies Esta web, al igual que la mayor\u00eda de los sitios web, usa cookies. El objetivo de la cookies es adaptar el contenido de la web a su","og_url":"https:\/\/www.leanpio.com\/es\/politica-de-cookies","og_site_name":"LEANpio","article_publisher":"https:\/\/www.facebook.com\/LEANpioOficial","article_modified_time":"2025-02-26T17:27:41+00:00","twitter_card":"summary_large_image","twitter_site":"@leanpio","twitter_misc":{"Tiempo de lectura":"4 minutos"},"schema":{"@context":"https:\/\/schema.org","@graph":[{"@type":"WebPage","@id":"https:\/\/www.leanpio.com\/es\/politica-de-cookies","url":"https:\/\/www.leanpio.com\/es\/politica-de-cookies","name":"Pol\u00edtica de cookies | LEANpio","isPartOf":{"@id":"https:\/\/www.leanpio.com\/es\/#website"},"datePublished":"2021-09-09T12:11:53+00:00","dateModified":"2025-02-26T17:27:41+00:00","description":"Pol\u00edtica de cookies de navegaci\u00f3n en el sitio Web de servicios de consultor\u00eda medioambiental y soluciones de gesti\u00f3n de residuos LEANpio.com.","breadcrumb":{"@id":"https:\/\/www.leanpio.com\/es\/politica-de-cookies#breadcrumb"},"inLanguage":"es","potentialAction":[{"@type":"ReadAction","target":["https:\/\/www.leanpio.com\/es\/politica-de-cookies"]}]},{"@type":"BreadcrumbList","@id":"https:\/\/www.leanpio.com\/es\/politica-de-cookies#breadcrumb","itemListElement":[{"@type":"ListItem","position":1,"name":"Home","item":"https:\/\/www.leanpio.com\/es"},{"@type":"ListItem","position":2,"name":"Pol\u00edtica de cookies"}]},{"@type":"WebSite","@id":"https:\/\/www.leanpio.com\/es\/#website","url":"https:\/\/www.leanpio.com\/es\/","name":"LEANpio","description":"Especialistas en gesti\u00f3n de residuos y reciclaje","publisher":{"@id":"https:\/\/www.leanpio.com\/es\/#organization"},"potentialAction":[{"@type":"SearchAction","target":{"@type":"EntryPoint","urlTemplate":"https:\/\/www.leanpio.com\/es\/?s={search_term_string}"},"query-input":{"@type":"PropertyValueSpecification","valueRequired":true,"valueName":"search_term_string"}}],"inLanguage":"es"},{"@type":"Organization","@id":"https:\/\/www.leanpio.com\/es\/#organization","name":"LEANpio","url":"https:\/\/www.leanpio.com\/es\/","logo":{"@type":"ImageObject","inLanguage":"es","@id":"https:\/\/www.leanpio.com\/es\/#\/schema\/logo\/image\/","url":"https:\/\/www.leanpio.com\/wp-content\/uploads\/2021\/06\/cropped-400x-2.png","contentUrl":"https:\/\/www.leanpio.com\/wp-content\/uploads\/2021\/06\/cropped-400x-2.png","width":400,"height":127,"caption":"LEANpio"},"image":{"@id":"https:\/\/www.leanpio.com\/es\/#\/schema\/logo\/image\/"},"sameAs":["https:\/\/www.facebook.com\/LEANpioOficial","https:\/\/x.com\/leanpio","https:\/\/es.linkedin.com\/company\/leanpio","https:\/\/vimeo.com\/leanpio"]}]}},"_links":{"self":[{"href":"https:\/\/www.leanpio.com\/es\/wp-json\/wp\/v2\/pages\/4415","targetHints":{"allow":["GET"]}}],"collection":[{"href":"https:\/\/www.leanpio.com\/es\/wp-json\/wp\/v2\/pages"}],"about":[{"href":"https:\/\/www.leanpio.com\/es\/wp-json\/wp\/v2\/types\/page"}],"author":[{"embeddable":true,"href":"https:\/\/www.leanpio.com\/es\/wp-json\/wp\/v2\/users\/1"}],"replies":[{"embeddable":true,"href":"https:\/\/www.leanpio.com\/es\/wp-json\/wp\/v2\/comments?post=4415"}],"version-history":[{"count":3,"href":"https:\/\/www.leanpio.com\/es\/wp-json\/wp\/v2\/pages\/4415\/revisions"}],"predecessor-version":[{"id":26481,"href":"https:\/\/www.leanpio.com\/es\/wp-json\/wp\/v2\/pages\/4415\/revisions\/26481"}],"wp:attachment":[{"href":"https:\/\/www.leanpio.com\/es\/wp-json\/wp\/v2\/media?parent=4415"}],"wp:term":[{"taxonomy":"forma","embeddable":true,"href":"https:\/\/www.leanpio.com\/es\/wp-json\/wp\/v2\/forma?post=4415"},{"taxonomy":"material","embeddable":true,"href":"https:\/\/www.leanpio.com\/es\/wp-json\/wp\/v2\/material?post=4415"},{"taxonomy":"sectores","embeddable":true,"href":"https:\/\/www.leanpio.com\/es\/wp-json\/wp\/v2\/sectores?post=4415"}],"curies":[{"name":"wp","href":"https:\/\/api.w.org\/{rel}","templated":true}]}}